{"id":1106,"date":"2022-04-04T15:28:16","date_gmt":"2022-04-04T13:28:16","guid":{"rendered":"https:\/\/bateaumariance.com\/?page_id=1106"},"modified":"2023-01-16T19:05:09","modified_gmt":"2023-01-16T18:05:09","slug":"tables-dhotes","status":"publish","type":"page","link":"https:\/\/bateaumariance.com\/index.php\/tables-dhotes\/","title":{"rendered":"Tables d&rsquo;h\u00f4tes"},"content":{"rendered":"\n<h2 class=\"has-text-align-center wp-block-heading\">Menu &#8211; 35\u20ac <\/h2>\n\n\n\n<h4 class=\"has-text-align-center wp-block-heading\">par personne<\/h4>\n\n\n\n<p class=\"has-text-align-center\"><strong>ENTREE UNIQUE<\/strong><\/p>\n\n\n\n<p class=\"has-text-align-center\">Assiette compos\u00e9e \u00ab\u00a0Asie\u00a0\u00bb<\/p>\n\n\n<div class=\"wp-block-image is-style-rounded\">\n<figure class=\"aligncenter size-full is-resized\"><img loading=\"lazy\" decoding=\"async\" data-orig-file=\"https:\/\/bateaumariance.com\/wp-content\/uploads\/2022\/04\/cropped-17.jpg\" data-attachment-url=\"https:\/\/bateaumariance.com\/cropped-17-jpg\/\" data-aspectratio=\"1\" data-caption=\"\" data-image-title=\"cropped-17.jpg\" data-image-description=\"&lt;p&gt;https:\/\/bateaumariance.com\/wp-content\/uploads\/2022\/04\/cropped-17.jpg&lt;\/p&gt;\n\" srcset=\"https:\/\/bateaumariance.com\/wp-content\/uploads\/2022\/04\/cropped-17-300x300.jpg 300w, https:\/\/bateaumariance.com\/wp-content\/uploads\/2022\/04\/cropped-17-150x150.jpg 150w, https:\/\/bateaumariance.com\/wp-content\/uploads\/2022\/04\/cropped-17-270x270.jpg 270w, https:\/\/bateaumariance.com\/wp-content\/uploads\/2022\/04\/cropped-17-192x192.jpg 192w, https:\/\/bateaumariance.com\/wp-content\/uploads\/2022\/04\/cropped-17-180x180.jpg 180w, https:\/\/bateaumariance.com\/wp-content\/uploads\/2022\/04\/cropped-17-32x32.jpg 32w, https:\/\/bateaumariance.com\/wp-content\/uploads\/2022\/04\/cropped-17.jpg 512w\" src=\"https:\/\/bateaumariance.com\/wp-content\/uploads\/2022\/04\/cropped-17.jpg\" alt=\". .\" class=\"wp-image-1099\" width=\"243\" height=\"243\"\/><\/figure>\n\n<script type=\"application\/ld+json\">[\n    {\n        \"@context\": \"https:\/\/schema.org\/\",\n        \"@type\": \"ImageObject\",\n        \"contentUrl\": \"https:\/\/bateaumariance.com\/wp-content\/uploads\/2022\/04\/cropped-17.jpg\",\n        \"license\": \"\",\n        \"acquireLicensePage\": \"\"\n    }\n]<\/script><\/div>\n\n\n<p class=\"has-text-align-center\"><strong>PLATS au choix<\/strong><\/p>\n\n\n\n<p class=\"has-text-align-center\">Les \u00eeles : poulet colombo, poulet coco ou saucisse rougaille<\/p>\n\n\n\n<p class=\"has-text-align-center\">Asie : crevettes au curry ou porc caramel<\/p>\n\n\n<div class=\"wp-block-image is-style-default\">\n<figure class=\"aligncenter size-full is-resized\"><img loading=\"lazy\" decoding=\"async\" data-orig-file=\"https:\/\/bateaumariance.com\/wp-content\/uploads\/2021\/07\/7-5-e1649079954110.jpg\" data-attachment-url=\"https:\/\/bateaumariance.com\/7-6\/\" data-aspectratio=\"1.94\" data-caption=\"\" data-image-title=\"7\" data-image-description=\"\" srcset=\"https:\/\/bateaumariance.com\/wp-content\/uploads\/2021\/07\/7-5-e1649079954110-300x154.jpg 300w, https:\/\/bateaumariance.com\/wp-content\/uploads\/2021\/07\/7-5-e1649079954110-768x395.jpg 768w, https:\/\/bateaumariance.com\/wp-content\/uploads\/2021\/07\/7-5-e1649079954110.jpg 1050w\" src=\"https:\/\/bateaumariance.com\/wp-content\/uploads\/2021\/07\/7-5-e1649079954110.jpg\" alt=\". .\" class=\"wp-image-1005\" width=\"375\" height=\"193\"\/><\/figure>\n\n<script type=\"application\/ld+json\">[\n    {\n        \"@context\": \"https:\/\/schema.org\/\",\n        \"@type\": \"ImageObject\",\n        \"contentUrl\": \"https:\/\/bateaumariance.com\/wp-content\/uploads\/2021\/07\/7-5-e1649079954110.jpg\",\n        \"license\": \"\",\n        \"acquireLicensePage\": \"\"\n    }\n]<\/script><\/div>\n\n\n<p class=\"has-text-align-center\"><strong>FROMAGE <\/strong><\/p>\n\n\n\n<p class=\"has-text-align-center\">ou <\/p>\n\n\n\n<p class=\"has-text-align-center\"><strong>DESSERT UNIQUE<\/strong><\/p>\n\n\n\n<p class=\"has-text-align-center\">Salade de fruits exotiques<\/p>\n\n\n<div class=\"wp-block-image\">\n<figure class=\"aligncenter size-full is-resized\"><img loading=\"lazy\" decoding=\"async\" data-orig-file=\"https:\/\/bateaumariance.com\/wp-content\/uploads\/2021\/07\/3-8.jpg\" data-attachment-url=\"https:\/\/bateaumariance.com\/3-8\/\" data-aspectratio=\"1.44\" data-caption=\"\" data-image-title=\"3\" data-image-description=\"\" srcset=\"https:\/\/bateaumariance.com\/wp-content\/uploads\/2021\/07\/3-8-300x208.jpg 300w, https:\/\/bateaumariance.com\/wp-content\/uploads\/2021\/07\/3-8-768x532.jpg 768w, https:\/\/bateaumariance.com\/wp-content\/uploads\/2021\/07\/3-8.jpg 1050w\" src=\"https:\/\/bateaumariance.com\/wp-content\/uploads\/2021\/07\/3-8.jpg\" alt=\". .\" class=\"wp-image-1001\" width=\"326\" height=\"225\"\/><\/figure>\n\n<script type=\"application\/ld+json\">[\n    {\n        \"@context\": \"https:\/\/schema.org\/\",\n        \"@type\": \"ImageObject\",\n        \"contentUrl\": \"https:\/\/bateaumariance.com\/wp-content\/uploads\/2021\/07\/3-8.jpg\",\n        \"license\": \"\",\n        \"acquireLicensePage\": \"\"\n    }\n]<\/script><\/div>\n\n\n<p class=\"has-text-align-center\">VIN rouge ou ros\u00e9<\/p>\n\n\n\n<p class=\"has-text-align-center\">Sp\u00e9cialit\u00e9 de Rhum arrang\u00e9  : OFFERT<\/p>\n\n\n\n<p><\/p>\n\n\n\n<p class=\"has-text-align-center\"><strong>Sur r\u00e9servation au minimum 3 jours avant votre venue et pour un minimum de 2 personnes, par t\u00e9l\u00e9phone selon disponibilit\u00e9s.<\/strong><\/p>\n","protected":false},"excerpt":{"rendered":"<p>Menu &#8211; 35\u20ac par personne ENTREE UNIQUE Assiette compos\u00e9e \u00ab\u00a0Asie\u00a0\u00bb PLATS au choix Les \u00eeles : poulet colombo, poulet coco ou saucisse rougaille Asie : crevettes au curry ou porc caramel FROMAGE ou DESSERT UNIQUE Salade de fruits exotiques VIN rouge ou ros\u00e9 Sp\u00e9cialit\u00e9 de &hellip; <a href=\"https:\/\/bateaumariance.com\/index.php\/tables-dhotes\/\" class=\"more-link\"><span>Continue reading<span class=\"screen-reader-text\">Tables d&rsquo;h\u00f4tes<\/span><\/span><\/a><\/p>\n","protected":false},"author":1,"featured_media":0,"parent":0,"menu_order":0,"comment_status":"closed","ping_status":"closed","template":"","meta":{"footnotes":""},"class_list":["post-1106","page","type-page","status-publish","hentry"],"_links":{"self":[{"href":"https:\/\/bateaumariance.com\/index.php\/wp-json\/wp\/v2\/pages\/1106","targetHints":{"allow":["GET"]}}],"collection":[{"href":"https:\/\/bateaumariance.com\/index.php\/wp-json\/wp\/v2\/pages"}],"about":[{"href":"https:\/\/bateaumariance.com\/index.php\/wp-json\/wp\/v2\/types\/page"}],"author":[{"embeddable":true,"href":"https:\/\/bateaumariance.com\/index.php\/wp-json\/wp\/v2\/users\/1"}],"replies":[{"embeddable":true,"href":"https:\/\/bateaumariance.com\/index.php\/wp-json\/wp\/v2\/comments?post=1106"}],"version-history":[{"count":6,"href":"https:\/\/bateaumariance.com\/index.php\/wp-json\/wp\/v2\/pages\/1106\/revisions"}],"predecessor-version":[{"id":1273,"href":"https:\/\/bateaumariance.com\/index.php\/wp-json\/wp\/v2\/pages\/1106\/revisions\/1273"}],"wp:attachment":[{"href":"https:\/\/bateaumariance.com\/index.php\/wp-json\/wp\/v2\/media?parent=1106"}],"curies":[{"name":"wp","href":"https:\/\/api.w.org\/{rel}","templated":true}]}}