{"id":1123,"date":"2022-04-04T16:53:11","date_gmt":"2022-04-04T14:53:11","guid":{"rendered":"https:\/\/bateaumariance.com\/?page_id=1123"},"modified":"2023-01-16T15:23:21","modified_gmt":"2023-01-16T14:23:21","slug":"suite-nuptiale-ravinala","status":"publish","type":"page","link":"https:\/\/bateaumariance.com\/index.php\/chambres-table\/suite-nuptiale-ravinala\/","title":{"rendered":"Suite Nuptiale Ravinala"},"content":{"rendered":"\n<div class=\"wp-block-media-text alignwide has-media-on-the-right is-stacked-on-mobile\" style=\"grid-template-columns:auto 44%\"><div class=\"wp-block-media-text__content\">\n<h3 class=\"wp-block-heading\">La plus grande de nos trois cabines qui se situe en proue de la p\u00e9niche, partie avant du bateau.<\/h3>\n\n\n\n<h3 class=\"wp-block-heading\">La cabine \u00ab\u00a0Ravinala\u00a0\u00bb est \u00e9quip\u00e9e d&rsquo;un lit de 160x200cm et d&rsquo;une salle d&rsquo;eau ouverte avec douche \u00e0 l&rsquo;italienne, meuble vasque et coiffeuse.<\/h3>\n\n\n\n<h3 class=\"wp-block-heading\">Un WC privatif se situe devant la porte sur le pallier.<\/h3>\n<\/div><figure class=\"wp-block-media-text__media\"><img loading=\"lazy\" decoding=\"async\" width=\"497\" height=\"280\" src=\"https:\/\/bateaumariance.com\/wp-content\/uploads\/2022\/11\/20.jpg\" alt=\". .\" class=\"wp-image-1233 size-full\" srcset=\"https:\/\/bateaumariance.com\/wp-content\/uploads\/2022\/11\/20.jpg 497w, https:\/\/bateaumariance.com\/wp-content\/uploads\/2022\/11\/20-300x169.jpg 300w\" sizes=\"auto, (max-width: 497px) 100vw, 497px\" \/><\/figure><\/div>\n\n\n\n<p><\/p>\n\n\n\n<p class=\"has-text-align-center\">********************************************************<\/p>\n\n\n\n<p><\/p>\n\n\n\n<figure class=\"wp-block-gallery has-nested-images columns-default is-cropped wp-block-gallery-1 is-layout-flex wp-block-gallery-is-layout-flex\">\n<figure class=\"wp-block-image size-medium is-style-rounded\"><img loading=\"lazy\" decoding=\"async\" width=\"225\" height=\"300\" data-orig-file=\"https:\/\/bateaumariance.com\/wp-content\/uploads\/2022\/04\/12.jpg\" data-attachment-url=\"https:\/\/bateaumariance.com\/12-3\/\" data-aspectratio=\"0.75\" data-caption=\"\" data-image-title=\"12\" data-image-description=\"\" srcset=\"https:\/\/bateaumariance.com\/wp-content\/uploads\/2022\/04\/12-225x300.jpg 225w, https:\/\/bateaumariance.com\/wp-content\/uploads\/2022\/04\/12.jpg 280w\" data-id=\"1086\" src=\"https:\/\/bateaumariance.com\/wp-content\/uploads\/2022\/04\/12-225x300.jpg\" alt=\". .\" class=\"wp-image-1086\"\/><\/figure>\n\n<script type=\"application\/ld+json\">[\n    {\n        \"@context\": \"https:\/\/schema.org\/\",\n        \"@type\": \"ImageObject\",\n        \"contentUrl\": \"https:\/\/bateaumariance.com\/wp-content\/uploads\/2022\/04\/12.jpg\",\n        \"license\": \"\",\n        \"acquireLicensePage\": \"\"\n    }\n]<\/script>\n\n\n<figure class=\"wp-block-image size-large is-style-default\"><img loading=\"lazy\" decoding=\"async\" width=\"280\" height=\"373\" data-orig-file=\"https:\/\/bateaumariance.com\/wp-content\/uploads\/2022\/04\/8.jpg\" data-attachment-url=\"https:\/\/bateaumariance.com\/8-5\/\" data-aspectratio=\"0.75\" data-caption=\"\" data-image-title=\"8\" data-image-description=\"\" srcset=\"https:\/\/bateaumariance.com\/wp-content\/uploads\/2022\/04\/8-225x300.jpg 225w, https:\/\/bateaumariance.com\/wp-content\/uploads\/2022\/04\/8.jpg 280w\" data-id=\"1082\" src=\"https:\/\/bateaumariance.com\/wp-content\/uploads\/2022\/04\/8.jpg\" alt=\". .\" class=\"wp-image-1082\"\/><\/figure>\n\n<script type=\"application\/ld+json\">[\n    {\n        \"@context\": \"https:\/\/schema.org\/\",\n        \"@type\": \"ImageObject\",\n        \"contentUrl\": \"https:\/\/bateaumariance.com\/wp-content\/uploads\/2022\/04\/8.jpg\",\n        \"license\": \"\",\n        \"acquireLicensePage\": \"\"\n    }\n]<\/script>\n\n\n<figure class=\"wp-block-image size-medium is-style-rounded\"><img loading=\"lazy\" decoding=\"async\" width=\"225\" height=\"300\" data-orig-file=\"https:\/\/bateaumariance.com\/wp-content\/uploads\/2022\/04\/7.jpg\" data-attachment-url=\"https:\/\/bateaumariance.com\/7-4\/\" data-aspectratio=\"0.75\" data-caption=\"\" data-image-title=\"7\" data-image-description=\"\" srcset=\"https:\/\/bateaumariance.com\/wp-content\/uploads\/2022\/04\/7-225x300.jpg 225w, https:\/\/bateaumariance.com\/wp-content\/uploads\/2022\/04\/7.jpg 280w\" data-id=\"1081\" src=\"https:\/\/bateaumariance.com\/wp-content\/uploads\/2022\/04\/7-225x300.jpg\" alt=\". .\" class=\"wp-image-1081\"\/><\/figure>\n\n<script type=\"application\/ld+json\">[\n    {\n        \"@context\": \"https:\/\/schema.org\/\",\n        \"@type\": \"ImageObject\",\n        \"contentUrl\": \"https:\/\/bateaumariance.com\/wp-content\/uploads\/2022\/04\/7.jpg\",\n        \"license\": \"\",\n        \"acquireLicensePage\": \"\"\n    }\n]<\/script><\/figure>\n\n\n\n<p> <\/p>\n\n\n\n<h3 class=\"alignwide has-text-align-center wp-block-heading\">Tarif pour 2 personnes avec petit d\u00e9jeuner compris <\/h3>\n\n\n\n<h3 class=\"alignwide has-text-align-center wp-block-heading\">115\u20ac la nuit\u00e9e en haute saison (15\/06 au 15\/09)<\/h3>\n\n\n\n<h3 class=\"alignwide has-text-align-center wp-block-heading\">95\u20ac la nuit\u00e9e en basse saison <\/h3>\n\n\n\n<p class=\"has-text-align-center\">***********************************************************<\/p>\n\n\n\n<p><\/p>\n\n\n\n<p><\/p>\n\n\n<div class=\"wp-block-image\">\n<figure class=\"aligncenter is-resized\"><img loading=\"lazy\" decoding=\"async\" src=\"https:\/\/cdn.futura-sciences.com\/buildsv6\/images\/mediumoriginal\/b\/0\/0\/b008bdeaa6_46273_mada-56.jpg\" alt=\"https:\/\/cdn.futura-sciences.com\/buildsv6\/images\/mediumoriginal\/b\/0\/0\/b008bdeaa6_46273_mada-56.jpg\" width=\"428\" height=\"256\"\/><figcaption class=\"wp-element-caption\"><strong><em>Ravinala est une plante exotique originaire de Madagascar au nom commun \u00ab\u00a0d&rsquo;arbre du voyageur\u00a0\u00bb qui se situe en bordure de voie d&rsquo;eau d&rsquo;o\u00f9 le choix de son nom par votre h\u00f4te Mariance<\/em><\/strong><\/figcaption><\/figure>\n<\/div>","protected":false},"excerpt":{"rendered":"<p>La plus grande de nos trois cabines qui se situe en proue de la p\u00e9niche, partie avant du bateau. La cabine \u00ab\u00a0Ravinala\u00a0\u00bb est \u00e9quip\u00e9e d&rsquo;un lit de 160x200cm et d&rsquo;une salle d&rsquo;eau ouverte avec douche \u00e0 l&rsquo;italienne, meuble vasque et coiffeuse. Un WC privatif se &hellip; <a href=\"https:\/\/bateaumariance.com\/index.php\/chambres-table\/suite-nuptiale-ravinala\/\" class=\"more-link\"><span>Continue reading<span class=\"screen-reader-text\">Suite Nuptiale Ravinala<\/span><\/span><\/a><\/p>\n","protected":false},"author":1,"featured_media":0,"parent":304,"menu_order":0,"comment_status":"closed","ping_status":"closed","template":"","meta":{"footnotes":""},"class_list":["post-1123","page","type-page","status-publish","hentry"],"_links":{"self":[{"href":"https:\/\/bateaumariance.com\/index.php\/wp-json\/wp\/v2\/pages\/1123","targetHints":{"allow":["GET"]}}],"collection":[{"href":"https:\/\/bateaumariance.com\/index.php\/wp-json\/wp\/v2\/pages"}],"about":[{"href":"https:\/\/bateaumariance.com\/index.php\/wp-json\/wp\/v2\/types\/page"}],"author":[{"embeddable":true,"href":"https:\/\/bateaumariance.com\/index.php\/wp-json\/wp\/v2\/users\/1"}],"replies":[{"embeddable":true,"href":"https:\/\/bateaumariance.com\/index.php\/wp-json\/wp\/v2\/comments?post=1123"}],"version-history":[{"count":11,"href":"https:\/\/bateaumariance.com\/index.php\/wp-json\/wp\/v2\/pages\/1123\/revisions"}],"predecessor-version":[{"id":1260,"href":"https:\/\/bateaumariance.com\/index.php\/wp-json\/wp\/v2\/pages\/1123\/revisions\/1260"}],"up":[{"embeddable":true,"href":"https:\/\/bateaumariance.com\/index.php\/wp-json\/wp\/v2\/pages\/304"}],"wp:attachment":[{"href":"https:\/\/bateaumariance.com\/index.php\/wp-json\/wp\/v2\/media?parent=1123"}],"curies":[{"name":"wp","href":"https:\/\/api.w.org\/{rel}","templated":true}]}}