{"id":1150,"date":"2022-04-04T17:39:20","date_gmt":"2022-04-04T15:39:20","guid":{"rendered":"https:\/\/bateaumariance.com\/?page_id=1150"},"modified":"2023-01-16T15:24:12","modified_gmt":"2023-01-16T14:24:12","slug":"la-chambre-orchidee","status":"publish","type":"page","link":"https:\/\/bateaumariance.com\/index.php\/la-chambre-orchidee\/","title":{"rendered":"La cabine \u00ab\u00a0Orchid\u00e9e\u00a0\u00bb"},"content":{"rendered":"\n<p><\/p>\n\n\n\n<div class=\"wp-block-media-text alignwide has-media-on-the-right is-stacked-on-mobile\"><div class=\"wp-block-media-text__content\">\n<h3 class=\"wp-block-heading\">La cabine \u00ab\u00a0Orchid\u00e9e\u00a0\u00bb est un cocon chaleureux avec un lit 2 personnes en 160x200cm. Elle est \u00e9quip\u00e9e d&rsquo;une salle d&rsquo;eau avec WC privative et s\u00e9par\u00e9e.<\/h3>\n<\/div><figure class=\"wp-block-media-text__media\"><img loading=\"lazy\" decoding=\"async\" width=\"497\" height=\"280\" src=\"https:\/\/bateaumariance.com\/wp-content\/uploads\/2022\/11\/22.jpg\" alt=\". .\" class=\"wp-image-1238 size-full\" srcset=\"https:\/\/bateaumariance.com\/wp-content\/uploads\/2022\/11\/22.jpg 497w, https:\/\/bateaumariance.com\/wp-content\/uploads\/2022\/11\/22-300x169.jpg 300w\" sizes=\"auto, (max-width: 497px) 100vw, 497px\" \/><\/figure><\/div>\n\n\n\n<p><\/p>\n\n\n\n<p class=\"has-text-align-center\">***********************************************<\/p>\n\n\n\n<p><\/p>\n\n\n\n<figure class=\"wp-block-gallery has-nested-images columns-default is-cropped wp-block-gallery-1 is-layout-flex wp-block-gallery-is-layout-flex\">\n<figure class=\"wp-block-image size-full is-style-rounded\"><img loading=\"lazy\" decoding=\"async\" width=\"373\" height=\"280\" data-orig-file=\"https:\/\/bateaumariance.com\/wp-content\/uploads\/2022\/04\/4.jpg\" data-attachment-url=\"https:\/\/bateaumariance.com\/4-3\/\" data-aspectratio=\"1.33\" data-caption=\"\" data-image-title=\"4\" data-image-description=\"\" srcset=\"https:\/\/bateaumariance.com\/wp-content\/uploads\/2022\/04\/4-300x225.jpg 300w, https:\/\/bateaumariance.com\/wp-content\/uploads\/2022\/04\/4.jpg 373w\" data-id=\"1078\" src=\"https:\/\/bateaumariance.com\/wp-content\/uploads\/2022\/04\/4.jpg\" alt=\". .\" class=\"wp-image-1078\"\/><\/figure>\n\n<script type=\"application\/ld+json\">[\n    {\n        \"@context\": \"https:\/\/schema.org\/\",\n        \"@type\": \"ImageObject\",\n        \"contentUrl\": \"https:\/\/bateaumariance.com\/wp-content\/uploads\/2022\/04\/4.jpg\",\n        \"license\": \"\",\n        \"acquireLicensePage\": \"\"\n    }\n]<\/script>\n\n\n<figure class=\"wp-block-image size-large is-style-default\"><img loading=\"lazy\" decoding=\"async\" width=\"280\" height=\"373\" data-orig-file=\"https:\/\/bateaumariance.com\/wp-content\/uploads\/2022\/04\/2-1.jpg\" data-attachment-url=\"https:\/\/bateaumariance.com\/2-5\/\" data-aspectratio=\"0.75\" data-caption=\"\" data-image-title=\"2\" data-image-description=\"\" srcset=\"https:\/\/bateaumariance.com\/wp-content\/uploads\/2022\/04\/2-1-225x300.jpg 225w, https:\/\/bateaumariance.com\/wp-content\/uploads\/2022\/04\/2-1.jpg 280w\" data-id=\"1143\" src=\"https:\/\/bateaumariance.com\/wp-content\/uploads\/2022\/04\/2-1.jpg\" alt=\". .\" class=\"wp-image-1143\"\/><\/figure>\n\n<script type=\"application\/ld+json\">[\n    {\n        \"@context\": \"https:\/\/schema.org\/\",\n        \"@type\": \"ImageObject\",\n        \"contentUrl\": \"https:\/\/bateaumariance.com\/wp-content\/uploads\/2022\/04\/2-1.jpg\",\n        \"license\": \"\",\n        \"acquireLicensePage\": \"\"\n    }\n]<\/script>\n\n\n<figure class=\"wp-block-image size-large is-style-rounded\"><img loading=\"lazy\" decoding=\"async\" width=\"373\" height=\"280\" data-orig-file=\"https:\/\/bateaumariance.com\/wp-content\/uploads\/2022\/04\/3.jpg\" data-attachment-url=\"https:\/\/bateaumariance.com\/3-3\/\" data-aspectratio=\"1.33\" data-caption=\"\" data-image-title=\"3\" data-image-description=\"\" srcset=\"https:\/\/bateaumariance.com\/wp-content\/uploads\/2022\/04\/3-300x225.jpg 300w, https:\/\/bateaumariance.com\/wp-content\/uploads\/2022\/04\/3.jpg 373w\" data-id=\"1077\" src=\"https:\/\/bateaumariance.com\/wp-content\/uploads\/2022\/04\/3.jpg\" alt=\". .\" class=\"wp-image-1077\"\/><\/figure>\n\n<script type=\"application\/ld+json\">[\n    {\n        \"@context\": \"https:\/\/schema.org\/\",\n        \"@type\": \"ImageObject\",\n        \"contentUrl\": \"https:\/\/bateaumariance.com\/wp-content\/uploads\/2022\/04\/3.jpg\",\n        \"license\": \"\",\n        \"acquireLicensePage\": \"\"\n    }\n]<\/script><\/figure>\n\n\n\n<p><\/p>\n\n\n\n<p class=\"has-text-align-center\">***********************************************<\/p>\n\n\n\n<h3 class=\"alignwide has-text-align-center wp-block-heading\">Tarif pour 2 personnes avec petit d\u00e9jeuner compris <\/h3>\n\n\n\n<h3 class=\"alignwide has-text-align-center wp-block-heading\">95\u20ac la nuit\u00e9e en haute saison (15\/06 au 15\/09)<\/h3>\n\n\n\n<h3 class=\"alignwide has-text-align-center wp-block-heading\">75\u20ac la nuit\u00e9e en basse saison <\/h3>\n\n\n\n<p class=\"has-text-align-center\">*******************************************<\/p>\n\n\n<div class=\"wp-block-image\">\n<figure class=\"aligncenter is-resized\"><img loading=\"lazy\" decoding=\"async\" src=\"https:\/\/static.eproshopping.fr\/media\/33825ac88350ebfb447a5a3baa37bb69bc142f25\/produit\/2eaffb89a09076ac329d229d377d547298b9d488-lg.jpeg\" alt=\"Orchid\u00e9e Cattleya - rouge orang\u00e9 | Tahiti Flowers by TEANAREVA\" width=\"285\" height=\"285\"\/><figcaption class=\"wp-element-caption\"><strong>L&rsquo;orchid\u00e9e Cattleya originaire d&rsquo;Am\u00e9rique centrale pousse au bord des rivi\u00e8re en zone montagneuse. Elle repr\u00e9sente la passion.<\/strong><\/figcaption><\/figure>\n<\/div>\n\n\n<p><\/p>\n\n\n\n<p><\/p>\n","protected":false},"excerpt":{"rendered":"<p>La cabine \u00ab\u00a0Orchid\u00e9e\u00a0\u00bb est un cocon chaleureux avec un lit 2 personnes en 160x200cm. Elle est \u00e9quip\u00e9e d&rsquo;une salle d&rsquo;eau avec WC privative et s\u00e9par\u00e9e. *********************************************** *********************************************** Tarif pour 2 personnes avec petit d\u00e9jeuner compris 95\u20ac la nuit\u00e9e en haute saison (15\/06 au 15\/09) 75\u20ac &hellip; <a href=\"https:\/\/bateaumariance.com\/index.php\/la-chambre-orchidee\/\" class=\"more-link\"><span>Continue reading<span class=\"screen-reader-text\">La cabine \u00ab\u00a0Orchid\u00e9e\u00a0\u00bb<\/span><\/span><\/a><\/p>\n","protected":false},"author":1,"featured_media":0,"parent":0,"menu_order":0,"comment_status":"closed","ping_status":"closed","template":"","meta":{"footnotes":""},"class_list":["post-1150","page","type-page","status-publish","hentry"],"_links":{"self":[{"href":"https:\/\/bateaumariance.com\/index.php\/wp-json\/wp\/v2\/pages\/1150","targetHints":{"allow":["GET"]}}],"collection":[{"href":"https:\/\/bateaumariance.com\/index.php\/wp-json\/wp\/v2\/pages"}],"about":[{"href":"https:\/\/bateaumariance.com\/index.php\/wp-json\/wp\/v2\/types\/page"}],"author":[{"embeddable":true,"href":"https:\/\/bateaumariance.com\/index.php\/wp-json\/wp\/v2\/users\/1"}],"replies":[{"embeddable":true,"href":"https:\/\/bateaumariance.com\/index.php\/wp-json\/wp\/v2\/comments?post=1150"}],"version-history":[{"count":6,"href":"https:\/\/bateaumariance.com\/index.php\/wp-json\/wp\/v2\/pages\/1150\/revisions"}],"predecessor-version":[{"id":1261,"href":"https:\/\/bateaumariance.com\/index.php\/wp-json\/wp\/v2\/pages\/1150\/revisions\/1261"}],"wp:attachment":[{"href":"https:\/\/bateaumariance.com\/index.php\/wp-json\/wp\/v2\/media?parent=1150"}],"curies":[{"name":"wp","href":"https:\/\/api.w.org\/{rel}","templated":true}]}}