{"id":216,"date":"2015-12-17T07:17:45","date_gmt":"2015-12-17T07:17:45","guid":{"rendered":"http:\/\/webriti.com\/demo\/wp\/lite\/rambo\/?page_id=6"},"modified":"2025-09-02T15:42:10","modified_gmt":"2025-09-02T13:42:10","slug":"home","status":"publish","type":"page","link":"https:\/\/bateaumariance.com\/","title":{"rendered":"Accueil"},"content":{"rendered":"\n<h1 class=\"wp-block-heading alignwide has-text-align-center\"><span style=\"color: #000080;\"><em>Bienvenue !<\/em><\/span>  <em>Welcome !<\/em><\/h1>\n\n\n<div class=\"wp-block-image is-style-rounded\">\n<figure class=\"aligncenter\"><img loading=\"lazy\" decoding=\"async\" width=\"300\" height=\"300\" data-orig-file=\"https:\/\/bateaumariance.com\/wp-content\/uploads\/2022\/04\/cropped-pont-somail.jpg\" data-attachment-url=\"https:\/\/bateaumariance.com\/index.php\/home\/cropped-pont-somail-jpg\/\" data-aspectratio=\"1\" data-caption=\"\" data-image-title=\"cropped-pont-somail.jpg\" data-image-description=\"&lt;p&gt;https:\/\/bateaumariance.com\/wp-content\/uploads\/2022\/04\/cropped-pont-somail.jpg&lt;\/p&gt;\n\" srcset=\"https:\/\/bateaumariance.com\/wp-content\/uploads\/2022\/04\/cropped-pont-somail-300x300.jpg 300w, https:\/\/bateaumariance.com\/wp-content\/uploads\/2022\/04\/cropped-pont-somail-150x150.jpg 150w, https:\/\/bateaumariance.com\/wp-content\/uploads\/2022\/04\/cropped-pont-somail-768x768.jpg 768w, https:\/\/bateaumariance.com\/wp-content\/uploads\/2022\/04\/cropped-pont-somail-533x533.jpg 533w, https:\/\/bateaumariance.com\/wp-content\/uploads\/2022\/04\/cropped-pont-somail-640x640.jpg 640w, https:\/\/bateaumariance.com\/wp-content\/uploads\/2022\/04\/cropped-pont-somail-864x864.jpg 864w, https:\/\/bateaumariance.com\/wp-content\/uploads\/2022\/04\/cropped-pont-somail.jpg 900w\" src=\"https:\/\/bateaumariance.com\/wp-content\/uploads\/2022\/04\/cropped-pont-somail-300x300.jpg\" alt=\"Bienvenue\" class=\"wp-image-1102\"\/><\/figure>\n\n<script type=\"application\/ld+json\">[\n    {\n        \"@context\": \"https:\/\/schema.org\/\",\n        \"@type\": \"ImageObject\",\n        \"contentUrl\": \"https:\/\/bateaumariance.com\/wp-content\/uploads\/2022\/04\/cropped-pont-somail.jpg\",\n        \"license\": \"\",\n        \"acquireLicensePage\": \"\"\n    }\n]<\/script><\/div>\n\n\n<div class=\"wp-block-group has-text-color has-link-color has-large-font-size wp-elements-60276c0be875a0dd5af88ca64ca49448\" style=\"color:#1c067b\"><div class=\"wp-block-group__inner-container is-layout-constrained wp-block-group-is-layout-constrained\">\n<h3 class=\"wp-block-heading has-text-align-center has-text-color has-link-color has-large-font-size wp-elements-9cacfe735b8478f11fcc008e2b1c5ebd\" style=\"color:#09077c\">Le bateau <span style=\"color: #800080;\">Mariance <\/span><span style=\"color: #000080;\">est une p\u00e9niche \u00ab chambres et tables d&rsquo;h\u00f4tes \u00bb situ\u00e9 au port du Somail sur le canal du M<\/span>idi.<\/h3>\n\n\n\n<p class=\"has-text-align-center\">Venez s\u00e9journer sur un bateau centenaire :<\/p>\n\n\n\n<p class=\"has-text-align-center\">1924  &#8211;  2024<\/p>\n<\/div><\/div>\n\n\n\n<h3 class=\"wp-block-heading has-text-align-center\"><span style=\"color: #000080;\">Sa propri\u00e9taire, Mariance, vous accueillera chaleureusement avec enthousiasme sur son bateau ouvert \u00e0 l&rsquo;ann\u00e9e.<\/span><\/h3>\n\n\n\n<h3 class=\"wp-block-heading has-text-align-center\"><span style=\"color: #000080; font-size: 1.5rem; letter-spacing: 0.05em;\">Chez elle, vous vous sentirez comme chez-vous,<\/span><span style=\"color: #000080;\"><br>mais sur une p\u00e9niche.<\/span><\/h3>\n\n\n\n<h3 class=\"wp-block-heading has-text-align-center\"><br><span style=\"color: #000080;\">Charme et d\u00e9paysement assur\u00e9.<\/span><br><span style=\"color: #000080;\"><br>Les petits d\u00e9jeuners \u00ab\u00a0fait maison\u00a0\u00bb vous seront servis par Mariance sur la terrasse afin de profiter du calme environnent&nbsp;(suivant la m\u00e9t\u00e9o).<\/span><\/h3>\n\n\n\n<p><\/p>\n\n\n\n<h3 class=\"wp-block-heading has-text-align-center has-text-color has-link-color has-large-font-size wp-elements-e65970bbe8e03a417979a8423b9af508\" style=\"color:#240466\">Au plaisir<br><\/h3>\n\n\n\n<h3 class=\"wp-block-heading has-text-align-center\"><\/h3>\n\n\n\n<p class=\"has-text-align-center\">\t\t<link href=\"https:\/\/bateaumariance.com\/wp-content\/plugins\/slideshow-ck\/themes\/default\/css\/camera.css\" rel=\"stylesheet\" type=\"text\/css\" \/>\n\t\t<style type=\"text\/css\">\n\t\t\t#camera_wrap_965 .camera_pag_ul li img, #camera_wrap_965 .camera_thumbs_cont ul li img {\n\t\t\t\theight:100px;\n\t\t\t\twidth: auto;\n\t\t\t}\n\t\t\t#camera_wrap_965 .camera_caption {\n\t\t\t\tdisplay: block;\n\t\t\t\tposition: absolute;\n\t\t\t}\n\t\t\t#camera_wrap_965 .camera_caption a.camera_caption_link {\n\t\t\t\tdisplay: block;\n\t\t\t\tposition: absolute;\n\t\t\t\tleft: 0;\n\t\t\t\tright: 0;\n\t\t\t\ttop: 0;\n\t\t\t\tbottom: 0;\n\t\t\t}\n\t\t\t#camera_wrap_965 .camera_caption > div {\n\t\t\t\tbackground: #000000;\t\t\t}\n\t\t\t#camera_wrap_965 .camera_caption div.camera_caption_title {\n\t\t\t\tfont-size: 18px;line-height: 18px;font-weight: normal;\t\t\t}\n\t\t\t#camera_wrap_965 .camera_caption div.camera_caption_desc {\n\t\t\t\tfont-size: 12px;line-height: 12px;font-weight: normal;\t\t\t}\n\t\t<\/style>\n\t\t\t\t<div class=\"slideshowck camera_wrap camera_black_skin\" id=\"camera_wrap_965\">\n\t\t\t\t\t\t\t<div data-rel=\"lightbox\"  data-thumb=\"https:\/\/bateaumariance.com\/wp-content\/uploads\/2021\/07\/7-1-scaled.jpg\" data-src=\"https:\/\/bateaumariance.com\/wp-content\/uploads\/2021\/07\/7-1-scaled.jpg\" data-link=\"https:\/\/bateaumariance.com\/wp-content\/uploads\/2021\/07\/7-1-scaled.jpg\" data-target=\"lightbox\">\n\t\t\t\t\t\t\t\t\t\t<\/div>\n\t\t\t\t\t\t\t<div data-rel=\"lightbox\"  data-thumb=\"https:\/\/bateaumariance.com\/wp-content\/uploads\/2026\/03\/0b38ee11-69e1-4a50-bc72-f89c9bc8ccf8.jpeg\" data-src=\"https:\/\/bateaumariance.com\/wp-content\/uploads\/2026\/03\/0b38ee11-69e1-4a50-bc72-f89c9bc8ccf8.jpeg\" data-link=\"https:\/\/bateaumariance.com\/wp-content\/uploads\/2026\/03\/0b38ee11-69e1-4a50-bc72-f89c9bc8ccf8.jpeg\" data-target=\"lightbox\">\n\t\t\t\t\t\t\t\t\t\t<\/div>\n\t\t\t\t\t\t\t<div data-rel=\"lightbox\"  data-thumb=\"https:\/\/bateaumariance.com\/wp-content\/uploads\/2026\/03\/8a338a93-a2aa-4c6f-8961-5923a0f3db89.jpeg\" data-src=\"https:\/\/bateaumariance.com\/wp-content\/uploads\/2026\/03\/8a338a93-a2aa-4c6f-8961-5923a0f3db89.jpeg\" data-link=\"https:\/\/bateaumariance.com\/wp-content\/uploads\/2026\/03\/8a338a93-a2aa-4c6f-8961-5923a0f3db89.jpeg\" data-target=\"lightbox\">\n\t\t\t\t\t\t\t\t\t\t<\/div>\n\t\t\t\t\t\t\t<div data-rel=\"lightbox\"  data-thumb=\"https:\/\/bateaumariance.com\/wp-content\/uploads\/2026\/03\/2fd83f35-1c11-422d-b8d8-d76606a9211c.jpeg\" data-src=\"https:\/\/bateaumariance.com\/wp-content\/uploads\/2026\/03\/2fd83f35-1c11-422d-b8d8-d76606a9211c.jpeg\" data-link=\"https:\/\/bateaumariance.com\/wp-content\/uploads\/2026\/03\/2fd83f35-1c11-422d-b8d8-d76606a9211c.jpeg\" data-target=\"lightbox\">\n\t\t\t\t\t\t\t\t\t\t<\/div>\n\t\t\t\t\t\t\t<div data-rel=\"lightbox\"  data-thumb=\"https:\/\/bateaumariance.com\/wp-content\/uploads\/2026\/03\/98d0de2d-d292-4b83-a01b-db904d1ff33e.jpeg\" data-src=\"https:\/\/bateaumariance.com\/wp-content\/uploads\/2026\/03\/98d0de2d-d292-4b83-a01b-db904d1ff33e.jpeg\" data-link=\"https:\/\/bateaumariance.com\/wp-content\/uploads\/2026\/03\/98d0de2d-d292-4b83-a01b-db904d1ff33e.jpeg\" data-target=\"lightbox\">\n\t\t\t\t\t\t\t\t\t\t<\/div>\n\t\t\t\t\t\t\t<div data-rel=\"lightbox\"  data-thumb=\"https:\/\/bateaumariance.com\/wp-content\/uploads\/2026\/03\/af44b4d2-1f6d-4aef-aa9b-aaf5bbfdc75f.jpeg\" data-src=\"https:\/\/bateaumariance.com\/wp-content\/uploads\/2026\/03\/af44b4d2-1f6d-4aef-aa9b-aaf5bbfdc75f.jpeg\" data-link=\"https:\/\/bateaumariance.com\/wp-content\/uploads\/2026\/03\/af44b4d2-1f6d-4aef-aa9b-aaf5bbfdc75f.jpeg\" data-target=\"lightbox\">\n\t\t\t\t\t\t\t\t\t\t<\/div>\n\t\t\t\t\t\t\t<div data-rel=\"lightbox\"  data-thumb=\"https:\/\/bateaumariance.com\/wp-content\/uploads\/2021\/07\/17-2.jpg\" data-src=\"https:\/\/bateaumariance.com\/wp-content\/uploads\/2021\/07\/17-2.jpg\" data-link=\"https:\/\/bateaumariance.com\/wp-content\/uploads\/2021\/07\/17-2.jpg\" data-target=\"lightbox\">\n\t\t\t\t\t\t\t\t\t\t<\/div>\n\t\t\t\t\t\t\t<div data-rel=\"lightbox\"  data-thumb=\"https:\/\/bateaumariance.com\/wp-content\/uploads\/2022\/04\/241185121_346159007252649_1730987201193301718_n.jpg\" data-src=\"https:\/\/bateaumariance.com\/wp-content\/uploads\/2022\/04\/241185121_346159007252649_1730987201193301718_n.jpg\" data-link=\"https:\/\/bateaumariance.com\/wp-content\/uploads\/2022\/04\/241185121_346159007252649_1730987201193301718_n.jpg\" data-target=\"lightbox\">\n\t\t\t\t\t\t\t\t\t\t<\/div>\n\t\t\t\t\t\t\t<div data-rel=\"lightbox\"  data-thumb=\"https:\/\/bateaumariance.com\/wp-content\/uploads\/2021\/07\/1-11.jpg\" data-src=\"https:\/\/bateaumariance.com\/wp-content\/uploads\/2021\/07\/1-11.jpg\" data-link=\"https:\/\/bateaumariance.com\/wp-content\/uploads\/2021\/07\/1-11.jpg\" data-target=\"lightbox\">\n\t\t\t\t\t\t\t\t\t\t<\/div>\n\t\t\t\t\t<\/div>\n\t\t<div style=\"clear:both;\"><\/div>\n\t\t<\/p>\n","protected":false},"excerpt":{"rendered":"<p>Bienvenue ! Welcome ! Le bateau Mariance est une p\u00e9niche \u00ab chambres et tables d&rsquo;h\u00f4tes \u00bb situ\u00e9 au port du Somail sur le canal du Midi. Venez s\u00e9journer sur un bateau centenaire : 1924 &#8211; 2024 Sa propri\u00e9taire, Mariance, vous accueillera chaleureusement avec enthousiasme sur &hellip; <a href=\"https:\/\/bateaumariance.com\/\" class=\"more-link\"><span>Continue reading<span class=\"screen-reader-text\">Accueil<\/span><\/span><\/a><\/p>\n","protected":false},"author":1,"featured_media":0,"parent":0,"menu_order":0,"comment_status":"closed","ping_status":"closed","template":"","meta":{"footnotes":""},"class_list":["post-216","page","type-page","status-publish","hentry"],"_links":{"self":[{"href":"https:\/\/bateaumariance.com\/index.php\/wp-json\/wp\/v2\/pages\/216","targetHints":{"allow":["GET"]}}],"collection":[{"href":"https:\/\/bateaumariance.com\/index.php\/wp-json\/wp\/v2\/pages"}],"about":[{"href":"https:\/\/bateaumariance.com\/index.php\/wp-json\/wp\/v2\/types\/page"}],"author":[{"embeddable":true,"href":"https:\/\/bateaumariance.com\/index.php\/wp-json\/wp\/v2\/users\/1"}],"replies":[{"embeddable":true,"href":"https:\/\/bateaumariance.com\/index.php\/wp-json\/wp\/v2\/comments?post=216"}],"version-history":[{"count":20,"href":"https:\/\/bateaumariance.com\/index.php\/wp-json\/wp\/v2\/pages\/216\/revisions"}],"predecessor-version":[{"id":1308,"href":"https:\/\/bateaumariance.com\/index.php\/wp-json\/wp\/v2\/pages\/216\/revisions\/1308"}],"wp:attachment":[{"href":"https:\/\/bateaumariance.com\/index.php\/wp-json\/wp\/v2\/media?parent=216"}],"curies":[{"name":"wp","href":"https:\/\/api.w.org\/{rel}","templated":true}]}}