{"id":224,"date":"2015-12-17T07:18:56","date_gmt":"2015-12-17T07:18:56","guid":{"rendered":"http:\/\/webriti.com\/demo\/wp\/lite\/rambo\/?page_id=14"},"modified":"2025-09-02T15:45:33","modified_gmt":"2025-09-02T13:45:33","slug":"contact-us","status":"publish","type":"page","link":"https:\/\/bateaumariance.com\/index.php\/contact-us\/","title":{"rendered":"Contact"},"content":{"rendered":"<h3><strong><span style=\"color: #000080;\">Demande de r\u00e9servation ou contact t\u00e9l\u00e9phonique au :<\/span><\/strong><\/h3>\n<h3 style=\"text-align: center;\"><span style=\"color: #000080;\">+33 (0)6 33 69 01 06<\/span><\/h3>\n<p style=\"text-align: center;\">Attention !!! exceptionnellement cette ann\u00e9e, pour raisons personnelles, les r\u00e9servations sont closes pour les mois de novembre et d\u00e9cembre 2025. Je vous prie de m&rsquo;excuser pour la g\u00eane occasionn\u00e9e.<\/p>\n<p style=\"text-align: center;\">Mariance<\/p>\n<h3><\/h3>\n<h3><\/h3>\n<h3 style=\"text-align: center;\"><span style=\"color: #000080;\"><strong>Le Bateau se situe :\u00a0<\/strong><\/span><\/h3>\n<p style=\"text-align: center;\"><em><strong>Clic sur l&rsquo;image<\/strong><\/em><\/p>\n<h3 style=\"text-align: center;\"><a href=\"https:\/\/www.google.com\/maps\/place\/Bateau+Mariance\/@43.267683,2.9008263,17z\/data=!3m1!4b1!4m8!3m7!1s0x12b1b05be657aad9:0xa41c95ac844856ae!5m2!4m1!1i2!8m2!3d43.2676825!4d2.9030279\" target=\"_blank\" rel=\"noopener\"><img loading=\"lazy\" decoding=\"async\" class=\"wp-image-1095  aligncenter\" src=\"https:\/\/bateaumariance.com\/wp-content\/uploads\/2022\/04\/241447734_2158350510988384_9135888031910249017_n-300x161.jpg\" alt=\"Cliquez ICI\" width=\"343\" height=\"184\" srcset=\"https:\/\/bateaumariance.com\/wp-content\/uploads\/2022\/04\/241447734_2158350510988384_9135888031910249017_n-300x161.jpg 300w, https:\/\/bateaumariance.com\/wp-content\/uploads\/2022\/04\/241447734_2158350510988384_9135888031910249017_n-768x412.jpg 768w, https:\/\/bateaumariance.com\/wp-content\/uploads\/2022\/04\/241447734_2158350510988384_9135888031910249017_n.jpg 820w\" sizes=\"auto, (max-width: 343px) 100vw, 343px\" \/><\/a><\/h3>\n<h4 style=\"text-align: center;\">L&rsquo;acc\u00e8s se fait par le chemin de halage pi\u00e9ton, le long du canal.<\/h4>\n<p style=\"text-align: center;\"><strong>Celui-ci pour le confort et le calme de tous est pi\u00e9ton au d\u00e9part du parking.<\/strong><\/p>\n<h3 style=\"text-align: center;\"><span style=\"color: #000080;\"><strong>Adresse postale<\/strong> :<\/span><\/h3>\n<h3 style=\"text-align: center;\"><span style=\"color: #000080;\">Bateau Mariance<\/span><br \/>\n<span style=\"color: #000080;\">311 All\u00e9e des Cypr\u00e8s<\/span><br \/>\n<span style=\"color: #000080;\">Lieu-dit \u00ab\u00a0Le Somail\u00a0\u00bb<\/span><br \/>\n<span style=\"color: #000080;\">11120 Ginestas<\/span><\/h3>\n<h3 style=\"text-align: center;\"><\/h3>\n<h3 style=\"text-align: center;\"><\/h3>\n<h3 style=\"text-align: center;\"><span style=\"color: #000080;\"><strong>Suivez-nous sur<\/strong><\/span><\/h3>\n<h4 style=\"text-align: center;\"><a href=\"https:\/\/www.facebook.com\/bateaumariance.com.chambres.tables.dhotes\/\" target=\"_blank\" rel=\"noopener\">Clique-ici<img loading=\"lazy\" decoding=\"async\" class=\"aligncenter wp-image-452 size-thumbnail\" src=\"https:\/\/bateaumariance.com\/wp-content\/uploads\/2018\/01\/social_facebook_button_blue-150x150.png\" alt=\"\" width=\"150\" height=\"150\" srcset=\"https:\/\/bateaumariance.com\/wp-content\/uploads\/2018\/01\/social_facebook_button_blue-150x150.png 150w, https:\/\/bateaumariance.com\/wp-content\/uploads\/2018\/01\/social_facebook_button_blue-100x100.png 100w, https:\/\/bateaumariance.com\/wp-content\/uploads\/2018\/01\/social_facebook_button_blue.png 256w\" sizes=\"auto, (max-width: 150px) 100vw, 150px\" \/><\/a><\/h4>\n<h3><\/h3>\n","protected":false},"excerpt":{"rendered":"<p>Demande de r\u00e9servation ou contact t\u00e9l\u00e9phonique au : +33 (0)6 33 69 01 06 Attention !!! exceptionnellement cette ann\u00e9e, pour raisons personnelles, les r\u00e9servations sont closes pour les mois de novembre et d\u00e9cembre 2025. Je vous prie de m&rsquo;excuser pour la g\u00eane occasionn\u00e9e. Mariance Le &hellip; <a href=\"https:\/\/bateaumariance.com\/index.php\/contact-us\/\" class=\"more-link\"><span>Continue reading<span class=\"screen-reader-text\">Contact<\/span><\/span><\/a><\/p>\n","protected":false},"author":1,"featured_media":0,"parent":0,"menu_order":0,"comment_status":"closed","ping_status":"closed","template":"","meta":{"footnotes":""},"class_list":["post-224","page","type-page","status-publish","hentry"],"_links":{"self":[{"href":"https:\/\/bateaumariance.com\/index.php\/wp-json\/wp\/v2\/pages\/224","targetHints":{"allow":["GET"]}}],"collection":[{"href":"https:\/\/bateaumariance.com\/index.php\/wp-json\/wp\/v2\/pages"}],"about":[{"href":"https:\/\/bateaumariance.com\/index.php\/wp-json\/wp\/v2\/types\/page"}],"author":[{"embeddable":true,"href":"https:\/\/bateaumariance.com\/index.php\/wp-json\/wp\/v2\/users\/1"}],"replies":[{"embeddable":true,"href":"https:\/\/bateaumariance.com\/index.php\/wp-json\/wp\/v2\/comments?post=224"}],"version-history":[{"count":38,"href":"https:\/\/bateaumariance.com\/index.php\/wp-json\/wp\/v2\/pages\/224\/revisions"}],"predecessor-version":[{"id":1290,"href":"https:\/\/bateaumariance.com\/index.php\/wp-json\/wp\/v2\/pages\/224\/revisions\/1290"}],"wp:attachment":[{"href":"https:\/\/bateaumariance.com\/index.php\/wp-json\/wp\/v2\/media?parent=224"}],"curies":[{"name":"wp","href":"https:\/\/api.w.org\/{rel}","templated":true}]}}